{"id":166,"date":"2021-09-15T10:11:42","date_gmt":"2021-09-15T13:11:42","guid":{"rendered":"http:\/\/www.electroindustrial.cl\/?page_id=166"},"modified":"2021-09-16T00:35:32","modified_gmt":"2021-09-16T03:35:32","slug":"somos","status":"publish","type":"page","link":"https:\/\/www.electroindustrial.cl\/index.php\/somos\/","title":{"rendered":"Somos"},"content":{"rendered":"\t\t<div data-elementor-type=\"wp-page\" data-elementor-id=\"166\" class=\"elementor elementor-166\" data-elementor-settings=\"[]\">\n\t\t\t\t\t\t\t<div class=\"elementor-section-wrap\">\n\t\t\t\t\t\t\t<section class=\"elementor-section elementor-top-section elementor-element elementor-element-b2eec4a elementor-section-boxed elementor-section-height-default elementor-section-height-default\" data-id=\"b2eec4a\" data-element_type=\"section\">\n\t\t\t\t\t\t<div class=\"elementor-container elementor-column-gap-default\">\n\t\t\t\t\t<div class=\"elementor-column elementor-col-100 elementor-top-column elementor-element elementor-element-be2ae5b\" data-id=\"be2ae5b\" data-element_type=\"column\">\n\t\t\t<div class=\"elementor-widget-wrap elementor-element-populated\">\n\t\t\t\t\t\t\t\t<div class=\"elementor-element elementor-element-a6bfd35 elementor-invisible elementor-widget elementor-widget-heading\" data-id=\"a6bfd35\" data-element_type=\"widget\" data-settings=\"{&quot;_animation&quot;:&quot;zoomIn&quot;}\" data-widget_type=\"heading.default\">\n\t\t\t\t<div class=\"elementor-widget-container\">\n\t\t\t<h2 class=\"elementor-heading-title elementor-size-default\">Historia <\/h2>\t\t<\/div>\n\t\t\t\t<\/div>\n\t\t\t\t<div class=\"elementor-element elementor-element-57b17e9 elementor-invisible elementor-widget elementor-widget-text-editor\" data-id=\"57b17e9\" data-element_type=\"widget\" data-settings=\"{&quot;_animation&quot;:&quot;fadeInRight&quot;}\" data-widget_type=\"text-editor.default\">\n\t\t\t\t<div class=\"elementor-widget-container\">\n\t\t\t\t\t\t\t<p style=\"text-align: center;\">Nuestra empresa inicia actividades el 20 de diciembre de 2000 con la Raz\u00f3n Social CASTRO PINOCHET ERNESTO Y OTRA y con el nombre de fantas\u00eda Ingenier\u00eda Electroindustrial, desarrollando principalmente proyectos de ingenier\u00eda el\u00e9ctrica.<\/p><p style=\"text-align: center;\">A partir de 2010, se ejecutan obras de gran envergadura ampliando el giro a Obras de Ingenier\u00eda. Pasando a formar la sociedad de responsabilidad limitada, CASTRO PINOCHET INGENIERIA ELECTRICA LIMITADA con el nombre de fantas\u00eda INGENIERIA ELECTROINDUSTRIAL LTDA.<br \/>A trav\u00e9s de estos a\u00f1os de trayectoria se han ejecutado obras de gran envergadura los que destacan:<\/p>\t\t\t\t\t\t<\/div>\n\t\t\t\t<\/div>\n\t\t\t\t<div class=\"elementor-element elementor-element-be969c9 elementor-align-center elementor-icon-list--layout-traditional elementor-list-item-link-full_width elementor-invisible elementor-widget elementor-widget-icon-list\" data-id=\"be969c9\" data-element_type=\"widget\" data-settings=\"{&quot;_animation&quot;:&quot;fadeInRight&quot;}\" data-widget_type=\"icon-list.default\">\n\t\t\t\t<div class=\"elementor-widget-container\">\n\t\t\t\t\t<ul class=\"elementor-icon-list-items\">\n\t\t\t\t\t\t\t<li class=\"elementor-icon-list-item\">\n\t\t\t\t\t\t\t\t\t\t\t<span class=\"elementor-icon-list-icon\">\n\t\t\t\t\t\t\t<i aria-hidden=\"true\" class=\"fas fa-check\"><\/i>\t\t\t\t\t\t<\/span>\n\t\t\t\t\t\t\t\t\t\t<span class=\"elementor-icon-list-text\">Normalizaci\u00f3n El\u00e9ctrica Estadio Antofagasta<\/span>\n\t\t\t\t\t\t\t\t\t<\/li>\n\t\t\t\t\t\t\t\t<li class=\"elementor-icon-list-item\">\n\t\t\t\t\t\t\t\t\t\t\t<span class=\"elementor-icon-list-icon\">\n\t\t\t\t\t\t\t<i aria-hidden=\"true\" class=\"fas fa-check\"><\/i>\t\t\t\t\t\t<\/span>\n\t\t\t\t\t\t\t\t\t\t<span class=\"elementor-icon-list-text\">Normalizaci\u00f3n El\u00e9ctrica Estadio Rancagua<\/span>\n\t\t\t\t\t\t\t\t\t<\/li>\n\t\t\t\t\t\t\t\t<li class=\"elementor-icon-list-item\">\n\t\t\t\t\t\t\t\t\t\t\t<span class=\"elementor-icon-list-icon\">\n\t\t\t\t\t\t\t<i aria-hidden=\"true\" class=\"fas fa-check\"><\/i>\t\t\t\t\t\t<\/span>\n\t\t\t\t\t\t\t\t\t\t<span class=\"elementor-icon-list-text\">Proyectos de Instalaciones El\u00e9ctricas de las Sedes de la Universidad Mayor<\/span>\n\t\t\t\t\t\t\t\t\t<\/li>\n\t\t\t\t\t\t\t\t<li class=\"elementor-icon-list-item\">\n\t\t\t\t\t\t\t\t\t\t\t<span class=\"elementor-icon-list-icon\">\n\t\t\t\t\t\t\t<i aria-hidden=\"true\" class=\"fas fa-check\"><\/i>\t\t\t\t\t\t<\/span>\n\t\t\t\t\t\t\t\t\t\t<span class=\"elementor-icon-list-text\">Proyecto de Instalaciones El\u00e9ctrica de la Oficina Central de la ONEMI.<\/span>\n\t\t\t\t\t\t\t\t\t<\/li>\n\t\t\t\t\t\t\t\t<li class=\"elementor-icon-list-item\">\n\t\t\t\t\t\t\t\t\t\t\t<span class=\"elementor-icon-list-icon\">\n\t\t\t\t\t\t\t<i aria-hidden=\"true\" class=\"fas fa-check\"><\/i>\t\t\t\t\t\t<\/span>\n\t\t\t\t\t\t\t\t\t\t<span class=\"elementor-icon-list-text\">Proyecto de Instalaciones El\u00e9ctrica Central de Abastecimiento de la Armada en Talcahuano<\/span>\n\t\t\t\t\t\t\t\t\t<\/li>\n\t\t\t\t\t\t<\/ul>\n\t\t\t\t<\/div>\n\t\t\t\t<\/div>\n\t\t\t\t<div class=\"elementor-element elementor-element-d952a4a elementor-invisible elementor-widget elementor-widget-heading\" data-id=\"d952a4a\" data-element_type=\"widget\" data-settings=\"{&quot;_animation&quot;:&quot;fadeInRight&quot;}\" data-widget_type=\"heading.default\">\n\t\t\t\t<div class=\"elementor-widget-container\">\n\t\t\t<h2 class=\"elementor-heading-title elementor-size-default\">Visi\u00f3n<\/h2>\t\t<\/div>\n\t\t\t\t<\/div>\n\t\t\t\t<div class=\"elementor-element elementor-element-54b05d3 elementor-invisible elementor-widget elementor-widget-text-editor\" data-id=\"54b05d3\" data-element_type=\"widget\" data-settings=\"{&quot;_animation&quot;:&quot;fadeInRight&quot;}\" data-widget_type=\"text-editor.default\">\n\t\t\t\t<div class=\"elementor-widget-container\">\n\t\t\t\t\t\t\t<p style=\"text-align: center;\">Ser una empresa L\u00edder en proyecto, construcci\u00f3n, montaje y mantenimiento el\u00e9ctrico, siendo reconocidos en el campo de la ingenier\u00eda, como una empresa que genera un amplio grado de con\ufb01abilidad, calidad, cumplimiento y e\ufb01ciencia, generando expectativas a nuestros clientes, que se adapten con los constantes cambios tecnol\u00f3gicos.<\/p>\t\t\t\t\t\t<\/div>\n\t\t\t\t<\/div>\n\t\t\t\t<div class=\"elementor-element elementor-element-c9f7668 elementor-invisible elementor-widget elementor-widget-heading\" data-id=\"c9f7668\" data-element_type=\"widget\" data-settings=\"{&quot;_animation&quot;:&quot;fadeInRight&quot;}\" data-widget_type=\"heading.default\">\n\t\t\t\t<div class=\"elementor-widget-container\">\n\t\t\t<h2 class=\"elementor-heading-title elementor-size-default\">Misi\u00f3n<\/h2>\t\t<\/div>\n\t\t\t\t<\/div>\n\t\t\t\t<div class=\"elementor-element elementor-element-fe6684c elementor-invisible elementor-widget elementor-widget-text-editor\" data-id=\"fe6684c\" data-element_type=\"widget\" data-settings=\"{&quot;_animation&quot;:&quot;fadeInRight&quot;}\" data-widget_type=\"text-editor.default\">\n\t\t\t\t<div class=\"elementor-widget-container\">\n\t\t\t\t\t\t\t<p style=\"text-align: center;\">Garantizar a nuestros clientes la excelencia en obras y servicios en el \u00e1rea el\u00e9ctrica. Nos comprometemos a satisfacer las expectativas de nuestros clientes y as\u00ed obtener confiabilidad y reconocimiento en las actividades ejecutadas. Trabajaremos en la capacitaci\u00f3n continua del talento humano y t\u00e9cnico, estimularemos el trabajo en equipo como medio para el mejoramiento permanente, entendiendo que la actualizaci\u00f3n tecnol\u00f3gica es muy importante para que nuestra vigencia en el mercado sea constante y asegure el futuro.<\/p>\t\t\t\t\t\t<\/div>\n\t\t\t\t<\/div>\n\t\t\t\t\t<\/div>\n\t\t<\/div>\n\t\t\t\t\t\t\t<\/div>\n\t\t<\/section>\n\t\t\t\t\t\t<\/div>\n\t\t\t\t\t<\/div>\n\t\t","protected":false},"excerpt":{"rendered":"<p>Historia Nuestra empresa inicia actividades el 20 de diciembre de 2000 con la Raz\u00f3n Social CASTRO PINOCHET ERNESTO Y OTRA y con el nombre de fantas\u00eda Ingenier\u00eda Electroindustrial, desarrollando principalmente proyectos de ingenier\u00eda el\u00e9ctrica. A partir de 2010, se ejecutan obras de gran envergadura ampliando el giro a Obras de Ingenier\u00eda. Pasando a formar la&hellip;<\/p>\n<p class=\"more-link\"><a href=\"https:\/\/www.electroindustrial.cl\/index.php\/somos\/\" class=\"themebutton2\">Read More<\/a><\/p>\n","protected":false},"author":1,"featured_media":0,"parent":0,"menu_order":0,"comment_status":"closed","ping_status":"closed","template":"","meta":{"footnotes":""},"class_list":["post-166","page","type-page","status-publish","hentry"],"_links":{"self":[{"href":"https:\/\/www.electroindustrial.cl\/index.php\/wp-json\/wp\/v2\/pages\/166","targetHints":{"allow":["GET"]}}],"collection":[{"href":"https:\/\/www.electroindustrial.cl\/index.php\/wp-json\/wp\/v2\/pages"}],"about":[{"href":"https:\/\/www.electroindustrial.cl\/index.php\/wp-json\/wp\/v2\/types\/page"}],"author":[{"embeddable":true,"href":"https:\/\/www.electroindustrial.cl\/index.php\/wp-json\/wp\/v2\/users\/1"}],"replies":[{"embeddable":true,"href":"https:\/\/www.electroindustrial.cl\/index.php\/wp-json\/wp\/v2\/comments?post=166"}],"version-history":[{"count":31,"href":"https:\/\/www.electroindustrial.cl\/index.php\/wp-json\/wp\/v2\/pages\/166\/revisions"}],"predecessor-version":[{"id":434,"href":"https:\/\/www.electroindustrial.cl\/index.php\/wp-json\/wp\/v2\/pages\/166\/revisions\/434"}],"wp:attachment":[{"href":"https:\/\/www.electroindustrial.cl\/index.php\/wp-json\/wp\/v2\/media?parent=166"}],"curies":[{"name":"wp","href":"https:\/\/api.w.org\/{rel}","templated":true}]}}