{"id":170,"date":"2021-09-15T10:12:50","date_gmt":"2021-09-15T13:12:50","guid":{"rendered":"http:\/\/www.electroindustrial.cl\/?page_id=170"},"modified":"2021-10-06T22:27:00","modified_gmt":"2021-10-07T01:27:00","slug":"obras-en-ejecucion","status":"publish","type":"page","link":"https:\/\/www.electroindustrial.cl\/index.php\/obras-en-ejecucion\/","title":{"rendered":"Obras en ejecuci\u00f3n"},"content":{"rendered":"\t\t<div data-elementor-type=\"wp-page\" data-elementor-id=\"170\" class=\"elementor elementor-170\" data-elementor-settings=\"[]\">\n\t\t\t\t\t\t\t<div class=\"elementor-section-wrap\">\n\t\t\t\t\t\t\t<section class=\"elementor-section elementor-top-section elementor-element elementor-element-0b1fa73 elementor-section-boxed elementor-section-height-default elementor-section-height-default\" data-id=\"0b1fa73\" data-element_type=\"section\">\n\t\t\t\t\t\t<div class=\"elementor-container elementor-column-gap-default\">\n\t\t\t\t\t<div class=\"elementor-column elementor-col-100 elementor-top-column elementor-element elementor-element-9e2be08\" data-id=\"9e2be08\" data-element_type=\"column\">\n\t\t\t<div class=\"elementor-widget-wrap elementor-element-populated\">\n\t\t\t\t\t\t\t\t<div class=\"elementor-element elementor-element-e0e0ace elementor-invisible elementor-widget elementor-widget-heading\" data-id=\"e0e0ace\" data-element_type=\"widget\" data-settings=\"{&quot;_animation&quot;:&quot;zoomIn&quot;}\" data-widget_type=\"heading.default\">\n\t\t\t\t<div class=\"elementor-widget-container\">\n\t\t\t<h2 class=\"elementor-heading-title elementor-size-default\">Este es un peque\u00f1o resumen de algunas de las obras e implementaciones que estamos desarrollando entregando\na sus soluciones la mayor satisfacci\u00f3n.<\/h2>\t\t<\/div>\n\t\t\t\t<\/div>\n\t\t\t\t<div class=\"elementor-element elementor-element-3ab684c elementor-widget elementor-widget-spacer\" data-id=\"3ab684c\" data-element_type=\"widget\" data-widget_type=\"spacer.default\">\n\t\t\t\t<div class=\"elementor-widget-container\">\n\t\t\t\t\t<div class=\"elementor-spacer\">\n\t\t\t<div class=\"elementor-spacer-inner\"><\/div>\n\t\t<\/div>\n\t\t\t\t<\/div>\n\t\t\t\t<\/div>\n\t\t\t\t\t<\/div>\n\t\t<\/div>\n\t\t\t\t\t\t\t<\/div>\n\t\t<\/section>\n\t\t\t\t<section class=\"elementor-section elementor-top-section elementor-element elementor-element-78ed639 elementor-section-boxed elementor-section-height-default elementor-section-height-default elementor-invisible\" data-id=\"78ed639\" data-element_type=\"section\" data-settings=\"{&quot;animation&quot;:&quot;fadeInLeft&quot;}\">\n\t\t\t\t\t\t<div class=\"elementor-container elementor-column-gap-default\">\n\t\t\t\t\t<div class=\"elementor-column elementor-col-50 elementor-top-column elementor-element elementor-element-5e289dd\" data-id=\"5e289dd\" data-element_type=\"column\">\n\t\t\t<div class=\"elementor-widget-wrap elementor-element-populated\">\n\t\t\t\t\t\t\t\t<div class=\"elementor-element elementor-element-fd0c0b4 elementor-widget elementor-widget-text-editor\" data-id=\"fd0c0b4\" data-element_type=\"widget\" data-widget_type=\"text-editor.default\">\n\t\t\t\t<div class=\"elementor-widget-container\">\n\t\t\t\t\t\t\t<div dir=\"auto\"><b>&#8211; Obra:<\/b> NEOHAUS<\/div><div dir=\"auto\"><b>&#8211; Mandante:<\/b> CONSTRUCTORA SANTA MARIA S.A.<\/div><div dir=\"auto\"><b>&#8211; Descripci\u00f3n:<\/b> EDIFICIO DE 16 PISOS Y 5 SUBTERR\u00c1NEOS<\/div><div dir=\"auto\"><b>&#8211; Ubicaci\u00f3n:<\/b> AVENIDA LAS CONDES 12170, VITACURA <\/div>\t\t\t\t\t\t<\/div>\n\t\t\t\t<\/div>\n\t\t\t\t\t<\/div>\n\t\t<\/div>\n\t\t\t\t<div class=\"elementor-column elementor-col-50 elementor-top-column elementor-element elementor-element-95cd4cc\" data-id=\"95cd4cc\" data-element_type=\"column\">\n\t\t\t<div class=\"elementor-widget-wrap elementor-element-populated\">\n\t\t\t\t\t\t\t\t<div class=\"elementor-element elementor-element-608f9e8 elementor-widget elementor-widget-image\" data-id=\"608f9e8\" data-element_type=\"widget\" data-widget_type=\"image.default\">\n\t\t\t\t<div class=\"elementor-widget-container\">\n\t\t\t\t\t\t\t\t\t\t\t\t\t\t\t<img loading=\"lazy\" decoding=\"async\" width=\"768\" height=\"157\" src=\"https:\/\/www.electroindustrial.cl\/wp-content\/uploads\/2021\/10\/neohaus-768x157.jpg\" class=\"attachment-medium_large size-medium_large\" alt=\"\" srcset=\"https:\/\/www.electroindustrial.cl\/wp-content\/uploads\/2021\/10\/neohaus-768x157.jpg 768w, https:\/\/www.electroindustrial.cl\/wp-content\/uploads\/2021\/10\/neohaus-300x61.jpg 300w, https:\/\/www.electroindustrial.cl\/wp-content\/uploads\/2021\/10\/neohaus-1024x209.jpg 1024w, https:\/\/www.electroindustrial.cl\/wp-content\/uploads\/2021\/10\/neohaus-1536x314.jpg 1536w, https:\/\/www.electroindustrial.cl\/wp-content\/uploads\/2021\/10\/neohaus.jpg 1600w\" sizes=\"auto, (max-width: 768px) 100vw, 768px\" \/>\t\t\t\t\t\t\t\t\t\t\t\t\t\t\t<\/div>\n\t\t\t\t<\/div>\n\t\t\t\t<div class=\"elementor-element elementor-element-f83e0f2 elementor-widget elementor-widget-spacer\" data-id=\"f83e0f2\" data-element_type=\"widget\" data-widget_type=\"spacer.default\">\n\t\t\t\t<div class=\"elementor-widget-container\">\n\t\t\t\t\t<div class=\"elementor-spacer\">\n\t\t\t<div class=\"elementor-spacer-inner\"><\/div>\n\t\t<\/div>\n\t\t\t\t<\/div>\n\t\t\t\t<\/div>\n\t\t\t\t\t<\/div>\n\t\t<\/div>\n\t\t\t\t\t\t\t<\/div>\n\t\t<\/section>\n\t\t\t\t<section class=\"elementor-section elementor-top-section elementor-element elementor-element-d4562fc elementor-section-boxed elementor-section-height-default elementor-section-height-default elementor-invisible\" data-id=\"d4562fc\" data-element_type=\"section\" data-settings=\"{&quot;animation&quot;:&quot;fadeInRight&quot;}\">\n\t\t\t\t\t\t<div class=\"elementor-container elementor-column-gap-default\">\n\t\t\t\t\t<div class=\"elementor-column elementor-col-50 elementor-top-column elementor-element elementor-element-7a42fd9\" data-id=\"7a42fd9\" data-element_type=\"column\">\n\t\t\t<div class=\"elementor-widget-wrap elementor-element-populated\">\n\t\t\t\t\t\t\t\t<div class=\"elementor-element elementor-element-a6f8dc4 elementor-widget elementor-widget-text-editor\" data-id=\"a6f8dc4\" data-element_type=\"widget\" data-widget_type=\"text-editor.default\">\n\t\t\t\t<div class=\"elementor-widget-container\">\n\t\t\t\t\t\t\t<p><strong>&#8211; Obra:<\/strong>\u00a0EJECUCI\u00d3N EDIFICIO HABITACIONAL ANDACOLLO<br \/><strong>&#8211; Mandante<\/strong>: INGENIERIA Y CONSTRUCCION SERINCO LTDA<br \/><strong>&#8211; Descripci\u00f3n:<\/strong>\u00a0EDIFICIO HABITACIONAL DE 7 PISOS, 30 DEPARTAMENTOS Y UN SUBTERR\u00c1NEO PARA ESTACIONAMIENTOS<br \/><strong>&#8211; Direcci\u00f3n<\/strong>: CALLE ANDACOLLO N\u00b0 3670- PROVIDENCIA SANTIAGO<\/p>\t\t\t\t\t\t<\/div>\n\t\t\t\t<\/div>\n\t\t\t\t\t<\/div>\n\t\t<\/div>\n\t\t\t\t<div class=\"elementor-column elementor-col-50 elementor-top-column elementor-element elementor-element-fd35bea\" data-id=\"fd35bea\" data-element_type=\"column\">\n\t\t\t<div class=\"elementor-widget-wrap elementor-element-populated\">\n\t\t\t\t\t\t\t\t<div class=\"elementor-element elementor-element-c916f92 elementor-widget elementor-widget-image\" data-id=\"c916f92\" data-element_type=\"widget\" data-widget_type=\"image.default\">\n\t\t\t\t<div class=\"elementor-widget-container\">\n\t\t\t\t\t\t\t\t\t\t\t\t\t\t\t<img loading=\"lazy\" decoding=\"async\" width=\"225\" height=\"150\" src=\"https:\/\/www.electroindustrial.cl\/wp-content\/uploads\/2021\/09\/ejecucion1.jpg\" class=\"attachment-medium size-medium\" alt=\"\" \/>\t\t\t\t\t\t\t\t\t\t\t\t\t\t\t<\/div>\n\t\t\t\t<\/div>\n\t\t\t\t<div class=\"elementor-element elementor-element-01a83f9 elementor-widget elementor-widget-spacer\" data-id=\"01a83f9\" data-element_type=\"widget\" data-widget_type=\"spacer.default\">\n\t\t\t\t<div class=\"elementor-widget-container\">\n\t\t\t\t\t<div class=\"elementor-spacer\">\n\t\t\t<div class=\"elementor-spacer-inner\"><\/div>\n\t\t<\/div>\n\t\t\t\t<\/div>\n\t\t\t\t<\/div>\n\t\t\t\t\t<\/div>\n\t\t<\/div>\n\t\t\t\t\t\t\t<\/div>\n\t\t<\/section>\n\t\t\t\t<section class=\"elementor-section elementor-top-section elementor-element elementor-element-a3b39ad elementor-section-boxed elementor-section-height-default elementor-section-height-default elementor-invisible\" data-id=\"a3b39ad\" data-element_type=\"section\" data-settings=\"{&quot;animation&quot;:&quot;fadeInLeft&quot;}\">\n\t\t\t\t\t\t<div class=\"elementor-container elementor-column-gap-default\">\n\t\t\t\t\t<div class=\"elementor-column elementor-col-50 elementor-top-column elementor-element elementor-element-f98d620\" data-id=\"f98d620\" data-element_type=\"column\">\n\t\t\t<div class=\"elementor-widget-wrap elementor-element-populated\">\n\t\t\t\t\t\t\t\t<div class=\"elementor-element elementor-element-e70910f elementor-widget elementor-widget-text-editor\" data-id=\"e70910f\" data-element_type=\"widget\" data-widget_type=\"text-editor.default\">\n\t\t\t\t<div class=\"elementor-widget-container\">\n\t\t\t\t\t\t\t<div class=\"comment_content\"><div class=\"comment_text\"><p><strong>&#8211; Obra:<\/strong>CONSTRUCCI\u00d3N DE VIVIENDAS EL REMANSO DE LAS CONDES<br \/><strong>&#8211; Mandante<\/strong>: INGENIER\u00cdA Y CONSTRUCCI\u00d3N SERINCO LTDA.<br \/><strong>&#8211; Descripci\u00f3n:<\/strong>\u00a0190 VIVIENDAS CONSTRU\u00cdDAS DESDE A\u00d1O 2008 A DIC. 2012<br \/>NUEVA ETAPA 3C2 DE 102 VIVIENDAS, FECHA DE TERMINO DIC 2014 POTENCIA INSTALADA POR CASA 20 KW.<\/p><\/div><\/div>\t\t\t\t\t\t<\/div>\n\t\t\t\t<\/div>\n\t\t\t\t\t<\/div>\n\t\t<\/div>\n\t\t\t\t<div class=\"elementor-column elementor-col-50 elementor-top-column elementor-element elementor-element-64b5f27\" data-id=\"64b5f27\" data-element_type=\"column\">\n\t\t\t<div class=\"elementor-widget-wrap elementor-element-populated\">\n\t\t\t\t\t\t\t\t<div class=\"elementor-element elementor-element-2621334 elementor-widget elementor-widget-image\" data-id=\"2621334\" data-element_type=\"widget\" data-widget_type=\"image.default\">\n\t\t\t\t<div class=\"elementor-widget-container\">\n\t\t\t\t\t\t\t\t\t\t\t\t\t\t\t<img loading=\"lazy\" decoding=\"async\" width=\"225\" height=\"150\" src=\"https:\/\/www.electroindustrial.cl\/wp-content\/uploads\/2021\/09\/ejecucion2.jpg\" class=\"attachment-medium size-medium\" alt=\"\" \/>\t\t\t\t\t\t\t\t\t\t\t\t\t\t\t<\/div>\n\t\t\t\t<\/div>\n\t\t\t\t<div class=\"elementor-element elementor-element-4a10b36 elementor-widget elementor-widget-spacer\" data-id=\"4a10b36\" data-element_type=\"widget\" data-widget_type=\"spacer.default\">\n\t\t\t\t<div class=\"elementor-widget-container\">\n\t\t\t\t\t<div class=\"elementor-spacer\">\n\t\t\t<div class=\"elementor-spacer-inner\"><\/div>\n\t\t<\/div>\n\t\t\t\t<\/div>\n\t\t\t\t<\/div>\n\t\t\t\t\t<\/div>\n\t\t<\/div>\n\t\t\t\t\t\t\t<\/div>\n\t\t<\/section>\n\t\t\t\t<section class=\"elementor-section elementor-top-section elementor-element elementor-element-f8ea378 elementor-section-boxed elementor-section-height-default elementor-section-height-default elementor-invisible\" data-id=\"f8ea378\" data-element_type=\"section\" data-settings=\"{&quot;animation&quot;:&quot;fadeInRight&quot;}\">\n\t\t\t\t\t\t<div class=\"elementor-container elementor-column-gap-default\">\n\t\t\t\t\t<div class=\"elementor-column elementor-col-50 elementor-top-column elementor-element elementor-element-230e593\" data-id=\"230e593\" data-element_type=\"column\">\n\t\t\t<div class=\"elementor-widget-wrap elementor-element-populated\">\n\t\t\t\t\t\t\t\t<div class=\"elementor-element elementor-element-35c1364 elementor-widget elementor-widget-text-editor\" data-id=\"35c1364\" data-element_type=\"widget\" data-widget_type=\"text-editor.default\">\n\t\t\t\t<div class=\"elementor-widget-container\">\n\t\t\t\t\t\t\t<div class=\"comment_content\"><div class=\"comment_text\"><p><strong>&#8211; Obra:<\/strong>\u00a0EJECUCI\u00d3N INSTALACIONES EL\u00c9CTRICAS AULARIOS CAMPUS JUAN GOMEZ MILLAS &#8211; U. DE CHILE<br \/><strong>&#8211; Mandante<\/strong>: INGENIERIA Y CONSTRUCCION SERINCO LTDA<br \/><strong>&#8211; Descripci\u00f3n:<\/strong>\u00a0CONSTRUCCION DE LOS EDIFICIOS DE AULARIOS N\u00ba 1,N\u00ba 2 y N\u00ba 3 ,QUE SON EDIFICIOS TIPO.<br \/>CADA UNO CON CAPACIDAD DE 870 ALUMNOS, SEGUN LA SIGUIENTE DESCRIPCION :<br \/>DOS SUBTERRANEOS DE ESTACIONAMIENTOS, UN PISO ZOCALO CON CAFETERIA, SERVICIOS HIGIENICOS, ESTAR DE ALUMNOS, BODEGAS Y RECINTOS TECNICOS PARA INSTALACIONES, MAS DOS PISOS DE AULAS CON DIFERENTES CAPACIDADES.<\/p><strong>&#8211; Fecha deTermino<\/strong>: JULIO 2013<br \/><strong>&#8211; Plazo:<\/strong>\u00a0360 DIAS CORRIDOS<br \/><strong>&#8211; Direcci\u00f3n<\/strong>: LAS PALMERAS Nro 3425- \u00d1U\u00d1OA<\/div><\/div>\t\t\t\t\t\t<\/div>\n\t\t\t\t<\/div>\n\t\t\t\t<div class=\"elementor-element elementor-element-ef1e7bf elementor-widget elementor-widget-spacer\" data-id=\"ef1e7bf\" data-element_type=\"widget\" data-widget_type=\"spacer.default\">\n\t\t\t\t<div class=\"elementor-widget-container\">\n\t\t\t\t\t<div class=\"elementor-spacer\">\n\t\t\t<div class=\"elementor-spacer-inner\"><\/div>\n\t\t<\/div>\n\t\t\t\t<\/div>\n\t\t\t\t<\/div>\n\t\t\t\t\t<\/div>\n\t\t<\/div>\n\t\t\t\t<div class=\"elementor-column elementor-col-50 elementor-top-column elementor-element elementor-element-34f7edd\" data-id=\"34f7edd\" data-element_type=\"column\">\n\t\t\t<div class=\"elementor-widget-wrap elementor-element-populated\">\n\t\t\t\t\t\t\t\t<div class=\"elementor-element elementor-element-8b94991 elementor-widget elementor-widget-image\" data-id=\"8b94991\" data-element_type=\"widget\" data-widget_type=\"image.default\">\n\t\t\t\t<div class=\"elementor-widget-container\">\n\t\t\t\t\t\t\t\t\t\t\t\t\t\t\t<img loading=\"lazy\" decoding=\"async\" width=\"225\" height=\"150\" src=\"https:\/\/www.electroindustrial.cl\/wp-content\/uploads\/2021\/09\/ejecucion3.jpg\" class=\"attachment-medium size-medium\" alt=\"\" \/>\t\t\t\t\t\t\t\t\t\t\t\t\t\t\t<\/div>\n\t\t\t\t<\/div>\n\t\t\t\t\t<\/div>\n\t\t<\/div>\n\t\t\t\t\t\t\t<\/div>\n\t\t<\/section>\n\t\t\t\t<section class=\"elementor-section elementor-top-section elementor-element elementor-element-74912ea elementor-section-boxed elementor-section-height-default elementor-section-height-default elementor-invisible\" data-id=\"74912ea\" data-element_type=\"section\" data-settings=\"{&quot;animation&quot;:&quot;fadeInLeft&quot;}\">\n\t\t\t\t\t\t<div class=\"elementor-container elementor-column-gap-default\">\n\t\t\t\t\t<div class=\"elementor-column elementor-col-50 elementor-top-column elementor-element elementor-element-2e98493\" data-id=\"2e98493\" data-element_type=\"column\">\n\t\t\t<div class=\"elementor-widget-wrap elementor-element-populated\">\n\t\t\t\t\t\t\t\t<div class=\"elementor-element elementor-element-4eff140 elementor-widget elementor-widget-text-editor\" data-id=\"4eff140\" data-element_type=\"widget\" data-widget_type=\"text-editor.default\">\n\t\t\t\t<div class=\"elementor-widget-container\">\n\t\t\t\t\t\t\t<div class=\"comment_content\"><div class=\"comment_text\"><p><strong>&#8211; Obra:<\/strong>\u00a0PROYECTO EL\u00c9CTRICO CENTRO CULTURAL CALAMA<br \/><strong>&#8211; Mandante<\/strong>: ARQUITECTO SR. RAM\u00d3N DEL PIANO PEREZ-CANTO<br \/>EL PROYECTO CONSISTE EN LA ELABORACI\u00d3N DE PLANOS EL\u00c9CTRICOS Y ESPECIFICACIONES T\u00c9CNICAS PARA EL NUEVO CENTRO CULTURAL DE LA I.MUNICIPALIDAD DE CALAMA<\/p><strong>&#8211; Fecha deTermino<\/strong>: MAYO 2013<br \/><strong>&#8211; Plazo:<\/strong>\u00a060 DIAS CORRIDOS<\/div><\/div>\t\t\t\t\t\t<\/div>\n\t\t\t\t<\/div>\n\t\t\t\t<div class=\"elementor-element elementor-element-8c6da5d elementor-widget elementor-widget-spacer\" data-id=\"8c6da5d\" data-element_type=\"widget\" data-widget_type=\"spacer.default\">\n\t\t\t\t<div class=\"elementor-widget-container\">\n\t\t\t\t\t<div class=\"elementor-spacer\">\n\t\t\t<div class=\"elementor-spacer-inner\"><\/div>\n\t\t<\/div>\n\t\t\t\t<\/div>\n\t\t\t\t<\/div>\n\t\t\t\t\t<\/div>\n\t\t<\/div>\n\t\t\t\t<div class=\"elementor-column elementor-col-50 elementor-top-column elementor-element elementor-element-d5166d1\" data-id=\"d5166d1\" data-element_type=\"column\">\n\t\t\t<div class=\"elementor-widget-wrap elementor-element-populated\">\n\t\t\t\t\t\t\t\t<div class=\"elementor-element elementor-element-b4f7186 elementor-widget elementor-widget-image\" data-id=\"b4f7186\" data-element_type=\"widget\" data-widget_type=\"image.default\">\n\t\t\t\t<div class=\"elementor-widget-container\">\n\t\t\t\t\t\t\t\t\t\t\t\t\t\t\t<img loading=\"lazy\" decoding=\"async\" width=\"225\" height=\"150\" src=\"https:\/\/www.electroindustrial.cl\/wp-content\/uploads\/2021\/09\/ejecucion4.jpg\" class=\"attachment-medium size-medium\" alt=\"\" \/>\t\t\t\t\t\t\t\t\t\t\t\t\t\t\t<\/div>\n\t\t\t\t<\/div>\n\t\t\t\t\t<\/div>\n\t\t<\/div>\n\t\t\t\t\t\t\t<\/div>\n\t\t<\/section>\n\t\t\t\t\t\t<\/div>\n\t\t\t\t\t<\/div>\n\t\t","protected":false},"excerpt":{"rendered":"<p>Este es un peque\u00f1o resumen de algunas de las obras e implementaciones que estamos desarrollando entregando a sus soluciones la mayor satisfacci\u00f3n. &#8211; Obra: NEOHAUS&#8211; Mandante: CONSTRUCTORA SANTA MARIA S.A.&#8211; Descripci\u00f3n: EDIFICIO DE 16 PISOS Y 5 SUBTERR\u00c1NEOS&#8211; Ubicaci\u00f3n: AVENIDA LAS CONDES 12170, VITACURA &#8211; Obra:\u00a0EJECUCI\u00d3N EDIFICIO HABITACIONAL ANDACOLLO&#8211; Mandante: INGENIERIA Y CONSTRUCCION SERINCO LTDA&#8211;&hellip;<\/p>\n<p class=\"more-link\"><a href=\"https:\/\/www.electroindustrial.cl\/index.php\/obras-en-ejecucion\/\" class=\"themebutton2\">Read More<\/a><\/p>\n","protected":false},"author":1,"featured_media":0,"parent":0,"menu_order":0,"comment_status":"closed","ping_status":"closed","template":"","meta":{"footnotes":""},"class_list":["post-170","page","type-page","status-publish","hentry"],"_links":{"self":[{"href":"https:\/\/www.electroindustrial.cl\/index.php\/wp-json\/wp\/v2\/pages\/170","targetHints":{"allow":["GET"]}}],"collection":[{"href":"https:\/\/www.electroindustrial.cl\/index.php\/wp-json\/wp\/v2\/pages"}],"about":[{"href":"https:\/\/www.electroindustrial.cl\/index.php\/wp-json\/wp\/v2\/types\/page"}],"author":[{"embeddable":true,"href":"https:\/\/www.electroindustrial.cl\/index.php\/wp-json\/wp\/v2\/users\/1"}],"replies":[{"embeddable":true,"href":"https:\/\/www.electroindustrial.cl\/index.php\/wp-json\/wp\/v2\/comments?post=170"}],"version-history":[{"count":52,"href":"https:\/\/www.electroindustrial.cl\/index.php\/wp-json\/wp\/v2\/pages\/170\/revisions"}],"predecessor-version":[{"id":466,"href":"https:\/\/www.electroindustrial.cl\/index.php\/wp-json\/wp\/v2\/pages\/170\/revisions\/466"}],"wp:attachment":[{"href":"https:\/\/www.electroindustrial.cl\/index.php\/wp-json\/wp\/v2\/media?parent=170"}],"curies":[{"name":"wp","href":"https:\/\/api.w.org\/{rel}","templated":true}]}}