{"id":182,"date":"2021-09-15T10:17:20","date_gmt":"2021-09-15T13:17:20","guid":{"rendered":"http:\/\/www.electroindustrial.cl\/?page_id=182"},"modified":"2021-09-16T00:17:51","modified_gmt":"2021-09-16T03:17:51","slug":"politica-de-calidad","status":"publish","type":"page","link":"https:\/\/www.electroindustrial.cl\/index.php\/politica-de-calidad\/","title":{"rendered":"Pol\u00edtica de Calidad"},"content":{"rendered":"\t\t<div data-elementor-type=\"wp-page\" data-elementor-id=\"182\" class=\"elementor elementor-182\" data-elementor-settings=\"[]\">\n\t\t\t\t\t\t\t<div class=\"elementor-section-wrap\">\n\t\t\t\t\t\t\t<section class=\"elementor-section elementor-top-section elementor-element elementor-element-6bbed70 elementor-section-boxed elementor-section-height-default elementor-section-height-default\" data-id=\"6bbed70\" data-element_type=\"section\">\n\t\t\t\t\t\t<div class=\"elementor-container elementor-column-gap-default\">\n\t\t\t\t\t<div class=\"elementor-column elementor-col-100 elementor-top-column elementor-element elementor-element-950f83b\" data-id=\"950f83b\" data-element_type=\"column\">\n\t\t\t<div class=\"elementor-widget-wrap elementor-element-populated\">\n\t\t\t\t\t\t\t\t<div class=\"elementor-element elementor-element-f863c40 elementor-invisible elementor-widget elementor-widget-heading\" data-id=\"f863c40\" data-element_type=\"widget\" data-settings=\"{&quot;_animation&quot;:&quot;fadeInRight&quot;}\" data-widget_type=\"heading.default\">\n\t\t\t\t<div class=\"elementor-widget-container\">\n\t\t\t<h2 class=\"elementor-heading-title elementor-size-default\"><strong style=\"font-family: &quot;Open Sans&quot;, Helvetica, Arial; font-size: 13px; color: rgb(122, 122, 122); white-space: normal;\"><em style=\"font-style: normal; font-size: 13px;\">IN<\/em><span style=\"font-size: 13px;\">GENIER\u00cdA ELECTROINDUSTRIAL<\/span><\/strong><\/h2>\t\t<\/div>\n\t\t\t\t<\/div>\n\t\t\t\t<div class=\"elementor-element elementor-element-8206baf elementor-invisible elementor-widget elementor-widget-text-editor\" data-id=\"8206baf\" data-element_type=\"widget\" data-settings=\"{&quot;_animation&quot;:&quot;fadeInRight&quot;}\" data-widget_type=\"text-editor.default\">\n\t\t\t\t<div class=\"elementor-widget-container\">\n\t\t\t\t\t\t\t<p style=\"text-align: center;\">Es una empresa que nace para dar servicios especializados en Proyectos, Montajes e Instalaciones El\u00e9ctricas.<\/p>\t\t\t\t\t\t<\/div>\n\t\t\t\t<\/div>\n\t\t\t\t<div class=\"elementor-element elementor-element-4370a00 elementor-invisible elementor-widget elementor-widget-heading\" data-id=\"4370a00\" data-element_type=\"widget\" data-settings=\"{&quot;_animation&quot;:&quot;fadeInRight&quot;}\" data-widget_type=\"heading.default\">\n\t\t\t\t<div class=\"elementor-widget-container\">\n\t\t\t<h2 class=\"elementor-heading-title elementor-size-default\"><strong style=\"font-family: &quot;Open Sans&quot;, Helvetica, Arial; font-size: 13px; color: rgb(122, 122, 122); white-space: normal;\"><span style=\"font-size: 13px;\">INGENIER\u00cdA ELECTROINDUSTRIAL<\/span><\/strong><\/h2>\t\t<\/div>\n\t\t\t\t<\/div>\n\t\t\t\t<div class=\"elementor-element elementor-element-94f910a elementor-invisible elementor-widget elementor-widget-text-editor\" data-id=\"94f910a\" data-element_type=\"widget\" data-settings=\"{&quot;_animation&quot;:&quot;fadeInRight&quot;}\" data-widget_type=\"text-editor.default\">\n\t\t\t\t<div class=\"elementor-widget-container\">\n\t\t\t\t\t\t\t<p style=\"text-align: center;\">Tiene como objetivo ser una empresa de excelencia en la creaci\u00f3n de soluciones globales, siendo un aliado estrat\u00e9gico con nuestros clientes en el logro de las metas de producci\u00f3n y de los mejoramientos continuos de sus procesos operativos.<\/p>\t\t\t\t\t\t<\/div>\n\t\t\t\t<\/div>\n\t\t\t\t<div class=\"elementor-element elementor-element-e88bda7 elementor-invisible elementor-widget elementor-widget-heading\" data-id=\"e88bda7\" data-element_type=\"widget\" data-settings=\"{&quot;_animation&quot;:&quot;fadeInRight&quot;}\" data-widget_type=\"heading.default\">\n\t\t\t\t<div class=\"elementor-widget-container\">\n\t\t\t<h2 class=\"elementor-heading-title elementor-size-default\"><strong style=\"font-family: &quot;Open Sans&quot;, Helvetica, Arial; font-size: 13px; color: rgb(122, 122, 122); white-space: normal;\"><span style=\"font-size: 13px;\">INGENIER\u00cdA ELECTROINDUSTRIAL<\/span><\/strong><\/h2>\t\t<\/div>\n\t\t\t\t<\/div>\n\t\t\t\t<div class=\"elementor-element elementor-element-9a4b51c elementor-invisible elementor-widget elementor-widget-text-editor\" data-id=\"9a4b51c\" data-element_type=\"widget\" data-settings=\"{&quot;_animation&quot;:&quot;fadeInRight&quot;}\" data-widget_type=\"text-editor.default\">\n\t\t\t\t<div class=\"elementor-widget-container\">\n\t\t\t\t\t\t\t<p style=\"text-align: center;\">Continuando con sus esfuerzos por suministrar servicios que satisfagan las necesidades y expectativas de sus clientes, ha implementado un Sistema de Gesti\u00f3n de la Calidad basado en el modelo ISO 9001, sistema que compromete a toda la organizaci\u00f3n.<\/p>\t\t\t\t\t\t<\/div>\n\t\t\t\t<\/div>\n\t\t\t\t<div class=\"elementor-element elementor-element-931281c elementor-invisible elementor-widget elementor-widget-heading\" data-id=\"931281c\" data-element_type=\"widget\" data-settings=\"{&quot;_animation&quot;:&quot;fadeInRight&quot;}\" data-widget_type=\"heading.default\">\n\t\t\t\t<div class=\"elementor-widget-container\">\n\t\t\t<h2 class=\"elementor-heading-title elementor-size-default\"><span style=\"color: rgb(122, 122, 122); font-family: &quot;Open Sans&quot;, Helvetica, Arial; font-size: 13px; font-style: normal; font-weight: 400; white-space: normal;\">Con el prop\u00f3sito de satisfacer permanentemente a sus clientes y cumplir los requerimientos del Sistema de Gesti\u00f3n de Calidad, la Gerencia General de&nbsp;<\/span><strong style=\"font-family: &quot;Open Sans&quot;, Helvetica, Arial; font-size: 13px; font-style: normal; color: rgb(122, 122, 122); white-space: normal;\"><em style=\"font-size: 13px;\">INGENIER\u00cdA ELECTROINDUSTRIAL<\/em><\/strong><em style=\"font-family: &quot;Open Sans&quot;, Helvetica, Arial; font-size: 13px; font-weight: 400; color: rgb(122, 122, 122); white-space: normal;\">,<\/em><span style=\"color: rgb(122, 122, 122); font-family: &quot;Open Sans&quot;, Helvetica, Arial; font-size: 13px; font-style: normal; font-weight: 400; white-space: normal;\">&nbsp;asume los siguientes compromisos:<\/span><\/h2>\t\t<\/div>\n\t\t\t\t<\/div>\n\t\t\t\t<div class=\"elementor-element elementor-element-252fda1 elementor-align-center elementor-icon-list--layout-traditional elementor-list-item-link-full_width elementor-invisible elementor-widget elementor-widget-icon-list\" data-id=\"252fda1\" data-element_type=\"widget\" data-settings=\"{&quot;_animation&quot;:&quot;fadeInRight&quot;}\" data-widget_type=\"icon-list.default\">\n\t\t\t\t<div class=\"elementor-widget-container\">\n\t\t\t\t\t<ul class=\"elementor-icon-list-items\">\n\t\t\t\t\t\t\t<li class=\"elementor-icon-list-item\">\n\t\t\t\t\t\t\t\t\t\t\t<span class=\"elementor-icon-list-icon\">\n\t\t\t\t\t\t\t<i aria-hidden=\"true\" class=\"fas fa-check\"><\/i>\t\t\t\t\t\t<\/span>\n\t\t\t\t\t\t\t\t\t\t<span class=\"elementor-icon-list-text\">Respaldar su divulgaci\u00f3n y aplicaci\u00f3n.<\/span>\n\t\t\t\t\t\t\t\t\t<\/li>\n\t\t\t\t\t\t\t\t<li class=\"elementor-icon-list-item\">\n\t\t\t\t\t\t\t\t\t\t\t<span class=\"elementor-icon-list-icon\">\n\t\t\t\t\t\t\t<i aria-hidden=\"true\" class=\"fas fa-check\"><\/i>\t\t\t\t\t\t<\/span>\n\t\t\t\t\t\t\t\t\t\t<span class=\"elementor-icon-list-text\">Cumplir con los requisitos y necesidades de nuestros clientes.<\/span>\n\t\t\t\t\t\t\t\t\t<\/li>\n\t\t\t\t\t\t\t\t<li class=\"elementor-icon-list-item\">\n\t\t\t\t\t\t\t\t\t\t\t<span class=\"elementor-icon-list-icon\">\n\t\t\t\t\t\t\t<i aria-hidden=\"true\" class=\"fas fa-check\"><\/i>\t\t\t\t\t\t<\/span>\n\t\t\t\t\t\t\t\t\t\t<span class=\"elementor-icon-list-text\">Mejorar continuamente los procesos y servicios.<\/span>\n\t\t\t\t\t\t\t\t\t<\/li>\n\t\t\t\t\t\t\t\t<li class=\"elementor-icon-list-item\">\n\t\t\t\t\t\t\t\t\t\t\t<span class=\"elementor-icon-list-icon\">\n\t\t\t\t\t\t\t<i aria-hidden=\"true\" class=\"fas fa-check\"><\/i>\t\t\t\t\t\t<\/span>\n\t\t\t\t\t\t\t\t\t\t<span class=\"elementor-icon-list-text\">Gestionar permanentemente los riesgos y oportunidades<\/span>\n\t\t\t\t\t\t\t\t\t<\/li>\n\t\t\t\t\t\t\t\t<li class=\"elementor-icon-list-item\">\n\t\t\t\t\t\t\t\t\t\t\t<span class=\"elementor-icon-list-icon\">\n\t\t\t\t\t\t\t<i aria-hidden=\"true\" class=\"fas fa-check\"><\/i>\t\t\t\t\t\t<\/span>\n\t\t\t\t\t\t\t\t\t\t<span class=\"elementor-icon-list-text\">Cumplir con los requisitos legales y reglamentos asociados al negocio.<\/span>\n\t\t\t\t\t\t\t\t\t<\/li>\n\t\t\t\t\t\t\t\t<li class=\"elementor-icon-list-item\">\n\t\t\t\t\t\t\t\t\t\t\t<span class=\"elementor-icon-list-icon\">\n\t\t\t\t\t\t\t<i aria-hidden=\"true\" class=\"fas fa-check\"><\/i>\t\t\t\t\t\t<\/span>\n\t\t\t\t\t\t\t\t\t\t<span class=\"elementor-icon-list-text\">Mediante revisiones sistem\u00e1ticas, establecer y verificar el cumplimiento de los objetivos de calidad.<\/span>\n\t\t\t\t\t\t\t\t\t<\/li>\n\t\t\t\t\t\t\t\t<li class=\"elementor-icon-list-item\">\n\t\t\t\t\t\t\t\t\t\t\t<span class=\"elementor-icon-list-icon\">\n\t\t\t\t\t\t\t<i aria-hidden=\"true\" class=\"fas fa-check\"><\/i>\t\t\t\t\t\t<\/span>\n\t\t\t\t\t\t\t\t\t\t<span class=\"elementor-icon-list-text\">Revisar la Pol\u00edtica de Calidad para mantener su continua adecuaci\u00f3n.<\/span>\n\t\t\t\t\t\t\t\t\t<\/li>\n\t\t\t\t\t\t<\/ul>\n\t\t\t\t<\/div>\n\t\t\t\t<\/div>\n\t\t\t\t<div class=\"elementor-element elementor-element-bf32736 elementor-invisible elementor-widget elementor-widget-text-editor\" data-id=\"bf32736\" data-element_type=\"widget\" data-settings=\"{&quot;_animation&quot;:&quot;fadeInRight&quot;}\" data-widget_type=\"text-editor.default\">\n\t\t\t\t<div class=\"elementor-widget-container\">\n\t\t\t\t\t\t\t<p style=\"text-align: center;\">El cumplimiento de los requerimientos y pol\u00edtica del Sistema de Gesti\u00f3n de Calidad, sumado a la experiencia, profesionales, equipo humano para realizar un servicio \u00f3ptimo y cumplir rigurosamente con los tiempos y plazos convenidos y que satisfagan las necesidades y expectativas de los clientes.<\/p>\t\t\t\t\t\t<\/div>\n\t\t\t\t<\/div>\n\t\t\t\t\t<\/div>\n\t\t<\/div>\n\t\t\t\t\t\t\t<\/div>\n\t\t<\/section>\n\t\t\t\t\t\t<\/div>\n\t\t\t\t\t<\/div>\n\t\t","protected":false},"excerpt":{"rendered":"<p>INGENIER\u00cdA ELECTROINDUSTRIAL Es una empresa que nace para dar servicios especializados en Proyectos, Montajes e Instalaciones El\u00e9ctricas. INGENIER\u00cdA ELECTROINDUSTRIAL Tiene como objetivo ser una empresa de excelencia en la creaci\u00f3n de soluciones globales, siendo un aliado estrat\u00e9gico con nuestros clientes en el logro de las metas de producci\u00f3n y de los mejoramientos continuos de sus&hellip;<\/p>\n<p class=\"more-link\"><a href=\"https:\/\/www.electroindustrial.cl\/index.php\/politica-de-calidad\/\" class=\"themebutton2\">Read More<\/a><\/p>\n","protected":false},"author":1,"featured_media":0,"parent":0,"menu_order":0,"comment_status":"closed","ping_status":"closed","template":"","meta":{"footnotes":""},"class_list":["post-182","page","type-page","status-publish","hentry"],"_links":{"self":[{"href":"https:\/\/www.electroindustrial.cl\/index.php\/wp-json\/wp\/v2\/pages\/182","targetHints":{"allow":["GET"]}}],"collection":[{"href":"https:\/\/www.electroindustrial.cl\/index.php\/wp-json\/wp\/v2\/pages"}],"about":[{"href":"https:\/\/www.electroindustrial.cl\/index.php\/wp-json\/wp\/v2\/types\/page"}],"author":[{"embeddable":true,"href":"https:\/\/www.electroindustrial.cl\/index.php\/wp-json\/wp\/v2\/users\/1"}],"replies":[{"embeddable":true,"href":"https:\/\/www.electroindustrial.cl\/index.php\/wp-json\/wp\/v2\/comments?post=182"}],"version-history":[{"count":7,"href":"https:\/\/www.electroindustrial.cl\/index.php\/wp-json\/wp\/v2\/pages\/182\/revisions"}],"predecessor-version":[{"id":404,"href":"https:\/\/www.electroindustrial.cl\/index.php\/wp-json\/wp\/v2\/pages\/182\/revisions\/404"}],"wp:attachment":[{"href":"https:\/\/www.electroindustrial.cl\/index.php\/wp-json\/wp\/v2\/media?parent=182"}],"curies":[{"name":"wp","href":"https:\/\/api.w.org\/{rel}","templated":true}]}}