{"id":360,"date":"2021-09-15T23:57:29","date_gmt":"2021-09-16T02:57:29","guid":{"rendered":"http:\/\/www.electroindustrial.cl\/?page_id=360"},"modified":"2021-09-16T00:16:14","modified_gmt":"2021-09-16T03:16:14","slug":"politicas-de-calidad-inicio","status":"publish","type":"page","link":"https:\/\/www.electroindustrial.cl\/","title":{"rendered":"Pol\u00edticas de Calidad Inicio"},"content":{"rendered":"\t\t<div data-elementor-type=\"wp-page\" data-elementor-id=\"360\" class=\"elementor elementor-360\" data-elementor-settings=\"[]\">\n\t\t\t\t\t\t\t<div class=\"elementor-section-wrap\">\n\t\t\t\t\t\t\t<section class=\"elementor-section elementor-top-section elementor-element elementor-element-6564380 elementor-section-boxed elementor-section-height-default elementor-section-height-default\" data-id=\"6564380\" data-element_type=\"section\">\n\t\t\t\t\t\t<div class=\"elementor-container elementor-column-gap-default\">\n\t\t\t\t\t<div class=\"elementor-column elementor-col-100 elementor-top-column elementor-element elementor-element-47e307b\" data-id=\"47e307b\" data-element_type=\"column\">\n\t\t\t<div class=\"elementor-widget-wrap elementor-element-populated\">\n\t\t\t\t\t\t\t\t<div class=\"elementor-element elementor-element-e16f338 elementor-invisible elementor-widget elementor-widget-heading\" data-id=\"e16f338\" data-element_type=\"widget\" data-settings=\"{&quot;_animation&quot;:&quot;bounceIn&quot;}\" data-widget_type=\"heading.default\">\n\t\t\t\t<div class=\"elementor-widget-container\">\n\t\t\t<h2 class=\"elementor-heading-title elementor-size-default\"><b>POL\u00cdTICAS DE CALIDAD<\/b><\/h2>\t\t<\/div>\n\t\t\t\t<\/div>\n\t\t\t\t<div class=\"elementor-element elementor-element-2ad4bd1 elementor-invisible elementor-widget elementor-widget-text-editor\" data-id=\"2ad4bd1\" data-element_type=\"widget\" data-settings=\"{&quot;_animation&quot;:&quot;zoomIn&quot;}\" data-widget_type=\"text-editor.default\">\n\t\t\t\t<div class=\"elementor-widget-container\">\n\t\t\t\t\t\t\t<h2 class=\"elementor-heading-title elementor-size-default\" style=\"text-align: center;\">INGENIER\u00cdA ELECTROINDUSTRIAL<\/h2>\t\t\t\t\t\t<\/div>\n\t\t\t\t<\/div>\n\t\t\t\t<div class=\"elementor-element elementor-element-4934bee elementor-invisible elementor-widget elementor-widget-text-editor\" data-id=\"4934bee\" data-element_type=\"widget\" data-settings=\"{&quot;_animation&quot;:&quot;zoomIn&quot;}\" data-widget_type=\"text-editor.default\">\n\t\t\t\t<div class=\"elementor-widget-container\">\n\t\t\t\t\t\t\t<p style=\"text-align: center;\">Es una empresa que nace para dar servicios especializados en Proyectos, Montajes e Instalaciones El\u00e9ctricas.<\/p><p style=\"text-align: center;\"><span style=\"font-family: 'Open Sans', Helvetica, Arial; font-size: 13px; font-style: normal; font-weight: 400;\">Tiene como objetivo ser una empresa de excelencia en la creaci\u00f3n de soluciones globales, siendo un aliado estrat\u00e9gico con nuestros clientes en el logro de las metas de producci\u00f3n y de los mejoramientos continuos de sus procesos operativos.<\/span><\/p><p style=\"text-align: center;\"><span style=\"font-family: 'Open Sans', Helvetica, Arial; font-size: 13px; font-style: normal; font-weight: 400;\">Continuando con sus esfuerzos por suministrar servicios que satisfagan las necesidades y expectativas de sus clientes, ha implementado un Sistema de Gesti\u00f3n de la Calidad basado en el modelo ISO 9001, sistema que compromete a toda la organizaci\u00f3n.<\/span><span style=\"font-family: 'Open Sans', Helvetica, Arial; font-size: 13px; font-style: normal; font-weight: 400;\"><br \/><\/span><\/p>\t\t\t\t\t\t<\/div>\n\t\t\t\t<\/div>\n\t\t\t\t<div class=\"elementor-element elementor-element-18fa81f elementor-invisible elementor-widget elementor-widget-text-editor\" data-id=\"18fa81f\" data-element_type=\"widget\" data-settings=\"{&quot;_animation&quot;:&quot;zoomIn&quot;}\" data-widget_type=\"text-editor.default\">\n\t\t\t\t<div class=\"elementor-widget-container\">\n\t\t\t\t\t\t\t<div class=\"elementor-element elementor-element-931281c elementor-widget elementor-widget-heading animated fadeInRight\" data-id=\"931281c\" data-element_type=\"widget\" data-settings=\"{\" data-widget_type=\"heading.default\"><div class=\"elementor-widget-container\"><h3 class=\"elementor-heading-title elementor-size-default\" style=\"text-align: center;\">Con el prop\u00f3sito de satisfacer permanentemente a sus clientes y cumplir los requerimientos del Sistema de Gesti\u00f3n de Calidad, la Gerencia General de\u00a0<strong><em>INGENIER\u00cdA ELECTROINDUSTRIAL<\/em><\/strong><em>,<\/em> asume los siguientes compromisos:<\/h3><\/div><\/div>\t\t\t\t\t\t<\/div>\n\t\t\t\t<\/div>\n\t\t\t\t<div class=\"elementor-element elementor-element-8e327f9 elementor-widget elementor-widget-spacer\" data-id=\"8e327f9\" data-element_type=\"widget\" data-widget_type=\"spacer.default\">\n\t\t\t\t<div class=\"elementor-widget-container\">\n\t\t\t\t\t<div class=\"elementor-spacer\">\n\t\t\t<div class=\"elementor-spacer-inner\"><\/div>\n\t\t<\/div>\n\t\t\t\t<\/div>\n\t\t\t\t<\/div>\n\t\t\t\t<div class=\"elementor-element elementor-element-7e2125d elementor-icon-list--layout-inline elementor-list-item-link-inline elementor-align-center elementor-invisible elementor-widget elementor-widget-icon-list\" data-id=\"7e2125d\" data-element_type=\"widget\" data-settings=\"{&quot;_animation&quot;:&quot;zoomIn&quot;}\" data-widget_type=\"icon-list.default\">\n\t\t\t\t<div class=\"elementor-widget-container\">\n\t\t\t\t\t<ul class=\"elementor-icon-list-items elementor-inline-items\">\n\t\t\t\t\t\t\t<li class=\"elementor-icon-list-item elementor-inline-item\">\n\t\t\t\t\t\t\t\t\t\t\t<span class=\"elementor-icon-list-icon\">\n\t\t\t\t\t\t\t<i aria-hidden=\"true\" class=\"fas fa-check\"><\/i>\t\t\t\t\t\t<\/span>\n\t\t\t\t\t\t\t\t\t\t<span class=\"elementor-icon-list-text\"> Respaldar su divulgaci\u00f3n y aplicaci\u00f3n.<\/span>\n\t\t\t\t\t\t\t\t\t<\/li>\n\t\t\t\t\t\t\t\t<li class=\"elementor-icon-list-item elementor-inline-item\">\n\t\t\t\t\t\t\t\t\t\t\t<span class=\"elementor-icon-list-icon\">\n\t\t\t\t\t\t\t<i aria-hidden=\"true\" class=\"fas fa-check\"><\/i>\t\t\t\t\t\t<\/span>\n\t\t\t\t\t\t\t\t\t\t<span class=\"elementor-icon-list-text\">Cumplir con los requisitos y necesidades de nuestros clientes.<\/span>\n\t\t\t\t\t\t\t\t\t<\/li>\n\t\t\t\t\t\t\t\t<li class=\"elementor-icon-list-item elementor-inline-item\">\n\t\t\t\t\t\t\t\t\t\t\t<span class=\"elementor-icon-list-icon\">\n\t\t\t\t\t\t\t<i aria-hidden=\"true\" class=\"fas fa-check\"><\/i>\t\t\t\t\t\t<\/span>\n\t\t\t\t\t\t\t\t\t\t<span class=\"elementor-icon-list-text\">Mejorar continuamente los procesos y servicios.<\/span>\n\t\t\t\t\t\t\t\t\t<\/li>\n\t\t\t\t\t\t\t\t<li class=\"elementor-icon-list-item elementor-inline-item\">\n\t\t\t\t\t\t\t\t\t\t\t<span class=\"elementor-icon-list-icon\">\n\t\t\t\t\t\t\t<i aria-hidden=\"true\" class=\"fas fa-check\"><\/i>\t\t\t\t\t\t<\/span>\n\t\t\t\t\t\t\t\t\t\t<span class=\"elementor-icon-list-text\">Gestionar permanentemente los riesgos y oportunidades.<\/span>\n\t\t\t\t\t\t\t\t\t<\/li>\n\t\t\t\t\t\t\t\t<li class=\"elementor-icon-list-item elementor-inline-item\">\n\t\t\t\t\t\t\t\t\t\t\t<span class=\"elementor-icon-list-icon\">\n\t\t\t\t\t\t\t<i aria-hidden=\"true\" class=\"fas fa-check\"><\/i>\t\t\t\t\t\t<\/span>\n\t\t\t\t\t\t\t\t\t\t<span class=\"elementor-icon-list-text\">Cumplir con los requisitos legales y reglamentos asociados al negocio.<\/span>\n\t\t\t\t\t\t\t\t\t<\/li>\n\t\t\t\t\t\t\t\t<li class=\"elementor-icon-list-item elementor-inline-item\">\n\t\t\t\t\t\t\t\t\t\t\t<span class=\"elementor-icon-list-icon\">\n\t\t\t\t\t\t\t<i aria-hidden=\"true\" class=\"fas fa-check\"><\/i>\t\t\t\t\t\t<\/span>\n\t\t\t\t\t\t\t\t\t\t<span class=\"elementor-icon-list-text\">Mediante revisiones sistem\u00e1ticas, establecer y verificar el cumplimiento de los objetivos de calidad.<\/span>\n\t\t\t\t\t\t\t\t\t<\/li>\n\t\t\t\t\t\t\t\t<li class=\"elementor-icon-list-item elementor-inline-item\">\n\t\t\t\t\t\t\t\t\t\t\t<span class=\"elementor-icon-list-icon\">\n\t\t\t\t\t\t\t<i aria-hidden=\"true\" class=\"fas fa-check\"><\/i>\t\t\t\t\t\t<\/span>\n\t\t\t\t\t\t\t\t\t\t<span class=\"elementor-icon-list-text\">Revisar la Pol\u00edtica de Calidad para mantener su continua adecuaci\u00f3n.<\/span>\n\t\t\t\t\t\t\t\t\t<\/li>\n\t\t\t\t\t\t<\/ul>\n\t\t\t\t<\/div>\n\t\t\t\t<\/div>\n\t\t\t\t<div class=\"elementor-element elementor-element-9a0d202 elementor-invisible elementor-widget elementor-widget-text-editor\" data-id=\"9a0d202\" data-element_type=\"widget\" data-settings=\"{&quot;_animation&quot;:&quot;zoomIn&quot;}\" data-widget_type=\"text-editor.default\">\n\t\t\t\t<div class=\"elementor-widget-container\">\n\t\t\t\t\t\t\t<p style=\"text-align: center;\">El cumplimiento de los requerimientos y pol\u00edtica del Sistema de Gesti\u00f3n de Calidad, sumado a la experiencia, profesionales, equipo humano para realizar un servicio \u00f3ptimo y cumplir rigurosamente con los tiempos y plazos convenidos y que satisfagan las necesidades y expectativas de los clientes.<\/p>\t\t\t\t\t\t<\/div>\n\t\t\t\t<\/div>\n\t\t\t\t\t<\/div>\n\t\t<\/div>\n\t\t\t\t\t\t\t<\/div>\n\t\t<\/section>\n\t\t\t\t\t\t<\/div>\n\t\t\t\t\t<\/div>\n\t\t","protected":false},"excerpt":{"rendered":"<p>POL\u00cdTICAS DE CALIDAD INGENIER\u00cdA ELECTROINDUSTRIAL Es una empresa que nace para dar servicios especializados en Proyectos, Montajes e Instalaciones El\u00e9ctricas. Tiene como objetivo ser una empresa de excelencia en la creaci\u00f3n de soluciones globales, siendo un aliado estrat\u00e9gico con nuestros clientes en el logro de las metas de producci\u00f3n y de los mejoramientos continuos de&hellip;<\/p>\n<p class=\"more-link\"><a href=\"https:\/\/www.electroindustrial.cl\/\" class=\"themebutton2\">Read More<\/a><\/p>\n","protected":false},"author":1,"featured_media":0,"parent":0,"menu_order":0,"comment_status":"closed","ping_status":"closed","template":"","meta":{"footnotes":""},"class_list":["post-360","page","type-page","status-publish","hentry"],"_links":{"self":[{"href":"https:\/\/www.electroindustrial.cl\/index.php\/wp-json\/wp\/v2\/pages\/360","targetHints":{"allow":["GET"]}}],"collection":[{"href":"https:\/\/www.electroindustrial.cl\/index.php\/wp-json\/wp\/v2\/pages"}],"about":[{"href":"https:\/\/www.electroindustrial.cl\/index.php\/wp-json\/wp\/v2\/types\/page"}],"author":[{"embeddable":true,"href":"https:\/\/www.electroindustrial.cl\/index.php\/wp-json\/wp\/v2\/users\/1"}],"replies":[{"embeddable":true,"href":"https:\/\/www.electroindustrial.cl\/index.php\/wp-json\/wp\/v2\/comments?post=360"}],"version-history":[{"count":37,"href":"https:\/\/www.electroindustrial.cl\/index.php\/wp-json\/wp\/v2\/pages\/360\/revisions"}],"predecessor-version":[{"id":401,"href":"https:\/\/www.electroindustrial.cl\/index.php\/wp-json\/wp\/v2\/pages\/360\/revisions\/401"}],"wp:attachment":[{"href":"https:\/\/www.electroindustrial.cl\/index.php\/wp-json\/wp\/v2\/media?parent=360"}],"curies":[{"name":"wp","href":"https:\/\/api.w.org\/{rel}","templated":true}]}}